{"id":2557,"date":"2016-09-23T10:26:22","date_gmt":"2016-09-23T10:26:22","guid":{"rendered":"http:\/\/pk9.org\/a-propos\/"},"modified":"2020-09-30T05:44:17","modified_gmt":"2020-09-30T09:44:17","slug":"about-us","status":"publish","type":"page","link":"https:\/\/pk9.org\/en\/about-us\/","title":{"rendered":"About Us"},"content":{"rendered":"<div class=\"wpb-content-wrapper\"><p>[vc_row css=&#8221;.vc_custom_1479204622560{background-color: #ffffff !important;}&#8221; el_class=&#8221;top-row&#8221;][vc_column css=&#8221;.vc_custom_1477050417128{padding-top: 36px !important;padding-right: 36px !important;padding-bottom: 36px !important;padding-left: 36px !important;background-color: #f2f2f2 !important;}&#8221; el_class=&#8221;wh-box-big&#8221; offset=&#8221;vc_col-md-8&#8243;][vc_custom_heading text=&#8221;With 25 years of experience as a detection dog trainer, Mario Lavigne and his PK-9 detection dogs bring clients unparalleled service, and peace of mind.&#8221; font_container=&#8221;tag:p|font_size:18px|text_align:left|color:%23777777&#8243; use_theme_fonts=&#8221;yes&#8221; css=&#8221;.vc_custom_1601459043870{margin-bottom: 0px !important;padding-bottom: 20px !important;}&#8221;][vc_column_text css=&#8221;.vc_custom_1601459053658{margin-bottom: 25px !important;}&#8221;]With experience of more than 15 years of search and rescue as a dog handler, and after several K9 SAR operations and prizes during competitions, the passion of detection work inspired me to create PK-9 Detection Dogs in 2005.<\/p>\n<p>For the last 8 years we have offered a canine bed bug detection service. For even longer, our arson dogs detection services where used in collaboration with the S\u00fbret\u00e9 du Qu\u00e9bec, other police services, forensic engineering firms and various insurance companies. All have relied on the PK-9 detection dogs to identify accelerant on fire scenes. We have also trained dogs in Geneve Switzerland for <a href=\"http:\/\/www.detections.ch\/\" target=\"_blank\" rel=\"noopener noreferrer\">DETECTIONS.CH<\/a> specifically for bed bug detection.[\/vc_column_text][vc_single_image image=&#8221;2241&#8243; img_size=&#8221;full&#8221; alignment=&#8221;center&#8221; onclick=&#8221;custom_link&#8221; img_link_target=&#8221;_blank&#8221; css_animation=&#8221;left-to-right&#8221; css=&#8221;.vc_custom_1492522123393{margin-bottom: 23px !important;}&#8221;][vc_single_image image=&#8221;2467&#8243; img_size=&#8221;full&#8221; alignment=&#8221;center&#8221;][vc_column_text css=&#8221;.vc_custom_1500053967221{margin-bottom: 25px !important;padding-top: 35px !important;}&#8221;]Always working on offering expanded services, PK-9 is developing new substances to detect. If you have special needs or would like to submit us a project don\u2019t hesitate to contact us.<\/p>\n<p>The use of detection dogs has often saved lives at disaster sites, and evidence was recently released that dogs can be trained to detect the early stages of breast cancer, lung cancer and prostate cancer. Dogs \u2013 man\u2019s best friend after all![\/vc_column_text][vc_row_inner][vc_column_inner width=&#8221;2\/3&#8243;][vc_single_image image=&#8221;2246&#8243; img_size=&#8221;full&#8221;][\/vc_column_inner][\/vc_row_inner][\/vc_column][vc_column el_class=&#8221;wh-box-big-left&#8221; offset=&#8221;vc_col-md-4&#8243; css=&#8221;.vc_custom_1479891183717{padding-top: 0px !important;}&#8221;][vc_column_inner][\/vc_column_inner][vc_row_inner css=&#8221;.vc_custom_1479891169231{padding-top: 0px !important;}&#8221;][vc_column_inner css=&#8221;.vc_custom_1479891176513{padding-top: 0px !important;}&#8221;][vc_column_text css=&#8221;.vc_custom_1492690109326{margin-bottom: 20px !important;}&#8221;]<a href=\"http:\/\/www.youtube.com\/watch?v=Hp1-UA0iTUk\" target=\"_blank\" rel=\"noopener noreferrer\"><img data-recalc-dims=\"1\" decoding=\"async\" src=\"https:\/\/i0.wp.com\/cabana-staging.com\/pk9\/images\/mentions-denis.jpg?w=1200&#038;ssl=1\" alt=\"\" \/><\/a><br \/>\n<a href=\"http:\/\/tvanouvelles.ca\/lcn\/infos\/regional\/archives\/2011\/03\/20110329-184542.html\" target=\"_blank\" rel=\"noopener noreferrer\"><img data-recalc-dims=\"1\" decoding=\"async\" src=\"https:\/\/i0.wp.com\/cabana-staging.com\/pk9\/images\/mentions-tva.jpg?w=1200&#038;ssl=1\" alt=\"\" \/><\/a><br \/>\n<a href=\"http:\/\/www.santevet.com\/articles\/des-chiens-detecteurs-de-punaises-de-lit-au-quebec#sthash.TyU6FyGt.dpbs\" target=\"_blank\" rel=\"noopener noreferrer\"><img data-recalc-dims=\"1\" decoding=\"async\" src=\"https:\/\/i0.wp.com\/cabana-staging.com\/pk9\/images\/mentions-vet.jpg?w=1200&#038;ssl=1\" alt=\"\" \/><br \/>\n<\/a><a href=\"http:\/\/lejournaldequebec.canoe.ca\/journaldequebec\/actualites\/regional\/archives\/2011\/01\/20110126-201334.html\" target=\"_blank\" rel=\"noopener noreferrer\"><img data-recalc-dims=\"1\" decoding=\"async\" src=\"https:\/\/i0.wp.com\/cabana-staging.com\/pk9\/images\/mentions-journal.jpg?w=1200&#038;ssl=1\" alt=\"\" \/><\/a><br \/>\n<a href=\"http:\/\/www.24hmontreal.canoe.ca\/24hmontreal\/actualites\/archives\/2011\/01\/20110112-165107.html\" target=\"_blank\" rel=\"noopener noreferrer\"><img data-recalc-dims=\"1\" decoding=\"async\" src=\"https:\/\/i0.wp.com\/cabana-staging.com\/pk9\/images\/mentions-24.jpg?w=1200&#038;ssl=1\" alt=\"\" \/><br \/>\n<\/a><\/p>\n<div class=\"video-container\"><iframe loading=\"lazy\" src=\"\/\/www.youtube.com\/embed\/tm4FG7n2Ajo\" width=\"560\" height=\"315\" frameborder=\"0\" allowfullscreen=\"allowfullscreen\"><\/iframe><\/div>\n<p>[\/vc_column_text][\/vc_column_inner][\/vc_row_inner][\/vc_column][\/vc_row]<\/p>\n<\/div>","protected":false},"excerpt":{"rendered":"<p>[vc_row css=&#8221;.vc_custom_1479204622560{background-color: #ffffff !important;}&#8221; el_class=&#8221;top-row&#8221;][vc_column css=&#8221;.vc_custom_1477050417128{padding-top: 36px !important;padding-right: 36px !important;padding-bottom: 36px !important;padding-left: 36px !important;background-color: #f2f2f2 !important;}&#8221; el_class=&#8221;wh-box-big&#8221; offset=&#8221;vc_col-md-8&#8243;][vc_custom_heading text=&#8221;With 25 years of experience as a detection dog trainer, Mario Lavigne and his PK-9 detection dogs bring clients unparalleled service, and&nbsp;<a href=\"https:\/\/pk9.org\/en\/about-us\/\">[&hellip;]<\/a><\/p>\n","protected":false},"author":1,"featured_media":0,"parent":0,"menu_order":0,"comment_status":"closed","ping_status":"closed","template":"template-fullwidth.php","meta":{"om_disable_all_campaigns":false,"jetpack_post_was_ever_published":false,"footnotes":""},"class_list":["post-2557","page","type-page","status-publish","hentry"],"aioseo_notices":[],"jetpack_sharing_enabled":true,"jetpack_shortlink":"https:\/\/wp.me\/P93zJB-Ff","jetpack-related-posts":[],"_links":{"self":[{"href":"https:\/\/pk9.org\/en\/wp-json\/wp\/v2\/pages\/2557","targetHints":{"allow":["GET"]}}],"collection":[{"href":"https:\/\/pk9.org\/en\/wp-json\/wp\/v2\/pages"}],"about":[{"href":"https:\/\/pk9.org\/en\/wp-json\/wp\/v2\/types\/page"}],"author":[{"embeddable":true,"href":"https:\/\/pk9.org\/en\/wp-json\/wp\/v2\/users\/1"}],"replies":[{"embeddable":true,"href":"https:\/\/pk9.org\/en\/wp-json\/wp\/v2\/comments?post=2557"}],"version-history":[{"count":8,"href":"https:\/\/pk9.org\/en\/wp-json\/wp\/v2\/pages\/2557\/revisions"}],"predecessor-version":[{"id":2696,"href":"https:\/\/pk9.org\/en\/wp-json\/wp\/v2\/pages\/2557\/revisions\/2696"}],"wp:attachment":[{"href":"https:\/\/pk9.org\/en\/wp-json\/wp\/v2\/media?parent=2557"}],"curies":[{"name":"wp","href":"https:\/\/api.w.org\/{rel}","templated":true}]}}